{"id":378,"date":"2013-10-07T12:09:56","date_gmt":"2013-10-07T11:09:56","guid":{"rendered":"http:\/\/elv-forum.de\/?page_id=378"},"modified":"2023-05-17T16:20:15","modified_gmt":"2023-05-17T15:20:15","slug":"ansprechpartner2","status":"publish","type":"page","link":"https:\/\/elv-forum.de\/?page_id=378","title":{"rendered":"Ansprechpartner"},"content":{"rendered":"<table border=\"0\" width=\"739\" cellspacing=\"0\" cellpadding=\"0\">\n<tbody>\n<tr>\n<td valign=\"top\" width=\"284\">.<\/p>\n<p><strong>Ulrich Binneb\u00f6\u00dfel <\/strong><br \/>\n(ELV-Forum Federf\u00fchrung)<br \/>\nHandelsverband Deutschland (HDE)<br \/>\nAm Weidendamm 1A<br \/>\n10117 Berlin<br \/>\nTel.: 030 \u2013 726250 \u2013 62<br \/>\nbinneboessel@hde.de<\/td>\n<td valign=\"top\" width=\"284\"><\/td>\n<td valign=\"top\" width=\"242\"><\/td>\n<\/tr>\n<tr>\n<td valign=\"top\" width=\"236\">\n<hr \/>\n<p><strong>Giuseppe Di Ruocco<br \/>\n<\/strong>Associate Director<br \/>\nStrategic Product Management<br \/>\nPAYONE GmbH<br \/>\nTel.: 069 \u2013 405637 \u2013 212<br \/>\ndiruocco(at)payone.com<\/td>\n<td valign=\"top\" width=\"284\">\n<hr \/>\n<p><strong>Gerd Zinke<\/strong><br \/>\nManager Product Management<br \/>\nTeleCash from fiserv<br \/>\nFirst Data GmbH<br \/>\nTel.: 069 \u2013 7933 \u2013 1621<br \/>\ngerd.zinke(at)telecash.de<\/td>\n<td valign=\"top\" width=\"246\">\n<hr \/>\n<\/td>\n<\/tr>\n<\/tbody>\n<\/table>\n","protected":false},"excerpt":{"rendered":"<p>. Ulrich Binneb\u00f6\u00dfel (ELV-Forum Federf\u00fchrung) Handelsverband Deutschland (HDE) Am Weidendamm 1A 10117 Berlin Tel.: 030 \u2013 726250 \u2013 62 binneboessel@hde.de Giuseppe Di Ruocco Associate Director Strategic Product Management PAYONE GmbH Tel.: 069 \u2013 405637 \u2013 212 diruocco(at)payone.com Gerd Zinke Manager Product Management TeleCash from fiserv First Data GmbH Tel.: 069 \u2013 7933 \u2013 1621 gerd.zinke(at)telecash.de<\/p>\n","protected":false},"author":2,"featured_media":0,"parent":0,"menu_order":0,"comment_status":"closed","ping_status":"closed","template":"","meta":{"footnotes":""},"class_list":["post-378","page","type-page","status-publish","hentry"],"_links":{"self":[{"href":"https:\/\/elv-forum.de\/index.php?rest_route=\/wp\/v2\/pages\/378","targetHints":{"allow":["GET"]}}],"collection":[{"href":"https:\/\/elv-forum.de\/index.php?rest_route=\/wp\/v2\/pages"}],"about":[{"href":"https:\/\/elv-forum.de\/index.php?rest_route=\/wp\/v2\/types\/page"}],"author":[{"embeddable":true,"href":"https:\/\/elv-forum.de\/index.php?rest_route=\/wp\/v2\/users\/2"}],"replies":[{"embeddable":true,"href":"https:\/\/elv-forum.de\/index.php?rest_route=%2Fwp%2Fv2%2Fcomments&post=378"}],"version-history":[{"count":18,"href":"https:\/\/elv-forum.de\/index.php?rest_route=\/wp\/v2\/pages\/378\/revisions"}],"predecessor-version":[{"id":620,"href":"https:\/\/elv-forum.de\/index.php?rest_route=\/wp\/v2\/pages\/378\/revisions\/620"}],"wp:attachment":[{"href":"https:\/\/elv-forum.de\/index.php?rest_route=%2Fwp%2Fv2%2Fmedia&parent=378"}],"curies":[{"name":"wp","href":"https:\/\/api.w.org\/{rel}","templated":true}]}}