{"id":329,"date":"2012-12-22T21:18:17","date_gmt":"2012-12-22T20:18:17","guid":{"rendered":"http:\/\/elv-forum.de\/?page_id=329"},"modified":"2018-06-08T11:43:07","modified_gmt":"2018-06-08T10:43:07","slug":"impressum","status":"publish","type":"page","link":"https:\/\/elv-forum.de\/?page_id=329","title":{"rendered":"Impressum\/Datenschutz"},"content":{"rendered":"<p>ELV-Forum<a href=\"https:\/\/elv-forum.de\/wp-content\/uploads\/2012\/12\/Fotolia_33285553_S.jpg\"><img loading=\"lazy\" decoding=\"async\" class=\"alignright wp-image-354\" title=\"Kassenrolle\" src=\"https:\/\/elv-forum.de\/wp-content\/uploads\/2012\/12\/Fotolia_33285553_S.jpg\" alt=\"\" width=\"443\" height=\"295\" srcset=\"https:\/\/elv-forum.de\/wp-content\/uploads\/2012\/12\/Fotolia_33285553_S.jpg 849w, https:\/\/elv-forum.de\/wp-content\/uploads\/2012\/12\/Fotolia_33285553_S-300x200.jpg 300w\" sizes=\"auto, (max-width: 443px) 100vw, 443px\" \/><\/a><br \/>\nc\/o Handelsverband Deutschland (HDE)<br \/>\nAm Weidendamm 1A<br \/>\n10117 Berlin<br \/>\nTel: 030-72625 062<br \/>\nFax: 030-72625 188<br \/>\nEmail: <a href=\"mailto:kontakt@elv-forum.de\" target=\"_self\">kontakt@elv-forum.de<\/a><\/p>\n<p>Bestellung der EuroELV-Spezifikation per Mail an kontakt@elv-forum.de <\/p>\n<p>verantwortlich f\u00fcr den Inhalt:<br \/>\nUlrich Binneb\u00f6\u00dfel<\/p>\n<p>Bildnachweise:<br \/>\nwww.Fotolia.de<br \/>\n\u00a9 Joachim Wendler &#8211; Fotolia.com<\/p>\n<p>&nbsp;<\/p>\n<p>Datenschutzerkl\u00e4rung<\/p>\n<p>1)\u2003Grunds\u00e4tzliche Angaben zur Datenverarbeitung<br \/>\nDiese Datenschutzerkl\u00e4rung kl\u00e4rt Sie dar\u00fcber auf, wie wir personenbezogene Daten innerhalb unseres Onlineangebotes nutzen und zu welchem Zweck das geschieht.<br \/>\nSie k\u00f6nnen diese Unterrichtung jederzeit auf unserer Webseite abrufen.<br \/>\nWir nehmen den Schutz Ihrer pers\u00f6nlichen Daten ernst und behandeln Ihre personenbezogenen Daten vertraulich und entsprechend der gesetzlichen Datenschutzvorschriften. Wir erheben, verwenden und speichern personenbezogene Daten ausschlie\u00dflich im Rahmen der Bestimmungen der Datenschutzgesetze. Das sind insbesondere die Datenschutzgrundverordnung (DSGVO), das Bundesdatenschutzgesetz-Neu (BDSG-Neu) und landesspezifische Datenschutzgesetze. Konkret bedeutet das, Ihre Daten werden wir nur dann nutzen, wenn dies gesetzlich erlaubt ist. Das hei\u00dft, wir d\u00fcrfen Ihre Daten verarbeiten, wenn die Datenverarbeitung zur Erbringung unserer Leistungen (beispielsweise Bearbeitung von Anfragen) erforderlich oder gesetzlich vorgeschrieben ist, Ihre Einwilligung vorliegt, oder wenn es aufgrund unserer berechtigten Interessen (wirtschaftlichen Betrieb unseres Gesch\u00e4fts und der Sicherheit unseres Onlineangebots) gerechtfertigt ist, die Daten zu verarbeiten.<br \/>\nDie verwendeten Begriffe, wie beispielsweise \u201epersonenbezogene Daten\u201c oder deren \u201eVerarbeitung\u201c entsprechen den Definitionen der DSGVO.<\/p>\n<p>2)\u2003Verantwortlicher<br \/>\nVerantwortlicher f\u00fcr die Datenverarbeitung ist die:<br \/>\nUlrich Binneb\u00f6\u00dfel, c\/o Handelsverband Deutschland e.V., Am Weidendamm 1A, 10117 Berlin, Telefon +49 (0) 30 726 250 62, Telefax +49 (0) 30 726 251 88, kontakt@elv-forum.de<\/p>\n<p>4)\u2003Rechtsgrundlagen<br \/>\nWir weisen darauf hin, dass folgende Rechtsgrundlagen f\u00fcr die Verarbeitung bestehen:<\/p>\n<p>Einwilligungen Art. 6 Absatz 1 a) und Art. 7 DSGVO.<br \/>\nVerarbeitung zur Erf\u00fcllung unserer Leistungen, Durchf\u00fchrung vertraglicher Ma\u00dfnahmen, Art. 6 Absatz 1 b) DSGVO.<br \/>\nErf\u00fcllung unserer rechtlichen Verpflichtungen, Art. 6 Absatz 1 c) DSGVO.<br \/>\nWahrung unserer berechtigten Interessen, Art. 6 Absatz 1 f) DSGVO.<\/p>\n<p>5)\u2003Weitergabe von Daten an Dritte und Drittanbieter<br \/>\nWir geben Ihre Daten nur im Rahmen der gesetzlichen Vorgaben an Dritte weiter, beispielsweise wenn dies auf Grundlage des Art. 6 Absatz 1 b) DSGVO f\u00fcr Vertragszwecke erforderlich ist oder auf Grundlage berechtigter Interessen nach Art. 6 Absatz 1 f) DSGVO gerechtfertigt ist.<\/p>\n<p>Wenn wir Dritte einsetzen, um unser Onlineangebot bereitzustellen, treffen wir geeignete rechtliche Vorkehrungen sowie entsprechende technische und organisatorische Ma\u00dfnahmen, damit wir den Schutz Ihrer personenbezogenen Daten sicherstellen.<\/p>\n<p>6)\u2003Erhebung und Verwendung von Daten<br \/>\nWir erheben und verwenden personenbezogene Daten jedes Nutzers, soweit dies erforderlich ist, damit der Nutzer unser Onlineangebot nutzen kann. Dazu geh\u00f6ren insbesondere Merkmale zur Identifikation des Nutzers und Angaben zu Beginn und Ende sowie des Umfangs der Nutzung unseres Onlineangebots.<\/p>\n<p>Wir erheben bei jedem Aufruf unseres Onlineangebots eine Reihe von allgemeinen Daten und Informationen. Diese allgemeinen Daten und Informationen werden in den Logfiles des Servers gespeichert (siehe hierzu Nummer 8 dieser Datenschutzerkl\u00e4rung).<\/p>\n<p>7)\u2003Sicherheit<br \/>\nWir unterhalten technische und organisatorische Ma\u00dfnahmen, damit wir Datensicherheit gew\u00e4hrleisten k\u00f6nnen. Wir weisen indes darauf hin, dass die Daten\u00fcbertragung im Internet (beispielsweise bei der Kommunikation per E-Mail) Sicherheitsl\u00fccken aufweisen kann. Ein l\u00fcckenloser Schutz der Daten vor dem Zugriff durch Dritte ist nicht m\u00f6glich.<\/p>\n<p>8)\u2003Serverprotokolle<br \/>\nWir erheben auf Grundlage unserer berechtigten Interessen im Sinne des Art. 6 Absatz 1 f) DSGVO Daten \u00fcber jeden Zugriff auf den Server, auf dem sich unser Onlineangebot befindet (sogenannte Server-Log Files). Diese Server-Log Files \u00fcbermittelt Ihr Browser automatisch an uns. Die so erhoben Daten sind unter anderem IP-Adresse, Datum und Uhrzeit des Zugriffs, Standort, Land, Bundesland, Region, Stadt, die URL (Internet-Adresse) der verweisenden Website, die abgerufene Datei, Meldung \u00fcber den erfolgreichen Abruf, den Browsertyp und die Browserversion sowie Informationen \u00fcber das Betriebssystem der Nutzer. Wir verwenden diese Informationen ausschlie\u00dflich zu statistischen Zwecken sowie zu internen Analysezwecken, wie der Verbesserung des Angebots. Diese Daten sind nicht bestimmten Personen zuordenbar. Eine Zusammenf\u00fchrung dieser Daten mit anderen Datenquellen wird nicht vorgenommen.<\/p>\n<p>9)\u2003Rechte der betroffenen Person<br \/>\nIhnen stehen bei Vorliegen der gesetzlichen Voraussetzungen Rechte nach Art. 15 bis 22 DSGVO zu. Das sind Ihre Rechte auf Auskunft, Berichtigung, L\u00f6schung, Einschr\u00e4nkung der Verarbeitung und auf Daten\u00fcbertragbarkeit.<br \/>\nAu\u00dferdem steht Ihnen ein Widerspruchsrecht gegen die Verarbeitungen zu, die auf Art. 6 Absatz 1 f) DSGVO und damit unseren berechtigten Interessen beruhen.<br \/>\nEine erteilte Einwilligung k\u00f6nnen Sie f\u00fcr die Zukunft widerrufen.<\/p>\n<p>10)\u2003Beschwerderecht bei der Aufsichtsbeh\u00f6rde<br \/>\nSie haben gem\u00e4\u00df Art. 77 DSGVO das Recht, sich bei der Aufsichtsbeh\u00f6rde zu beschweren, wenn Sie der Ansicht sind, dass die Verarbeitung Ihrer personenbezogenen Daten nicht rechtm\u00e4\u00dfig erfolgt.<\/p>\n<p>11)\u2003L\u00f6schung von Daten<br \/>\nDie bei uns gespeicherten Daten werden gel\u00f6scht, sobald die Daten f\u00fcr die f\u00fcr sie bestimmten Zwecke nicht mehr notwendig sind und der L\u00f6schung keine gesetzlichen Aufbewahrungspflichten entgegenstehen. Die gesetzlichen Aufbewahrungsfristen betragen sechs Jahre nach \u00a7 257 HGB f\u00fcr Handelsb\u00fccher, Inventare, Handelsbriefe, Er\u00f6ffnungsbilanzen etc. und zehn Jahre nach \u00a7 147 AO f\u00fcr B\u00fccher, Aufzeichnungen, Belege und anderen steuerlich relevante Unterlagen.<\/p>\n<p>12)\u2003Kontaktformular<br \/>\nWenn Sie uns per Kontaktformular Anfragen schicken, werden Ihre Angaben aus dem Anfrageformular inklusive der von Ihnen dort angegebenen Kontaktdaten zwecks Bearbeitung der Anfrage und f\u00fcr den Fall von Anschlussfragen bei uns gespeichert. Diese Daten geben wir nicht ohne Ihre Einwilligung weiter (mit Ausnahme der Auftragsverarbeiter, die uns helfen, unser Onlineangebot bereitzustellen).<br \/>\nDie Verarbeitung erfolgt auf Grundlage des Art. 6 Absatz 1 b) DSGVO.<\/p>\n","protected":false},"excerpt":{"rendered":"<p>ELV-Forum c\/o Handelsverband Deutschland (HDE) Am Weidendamm 1A 10117 Berlin Tel: 030-72625 062 Fax: 030-72625 188 Email: kontakt@elv-forum.de Bestellung der EuroELV-Spezifikation per Mail an kontakt@elv-forum.de verantwortlich f\u00fcr den Inhalt: Ulrich Binneb\u00f6\u00dfel Bildnachweise: www.Fotolia.de \u00a9 Joachim Wendler &#8211; Fotolia.com &nbsp; Datenschutzerkl\u00e4rung 1)\u2003Grunds\u00e4tzliche Angaben zur Datenverarbeitung Diese Datenschutzerkl\u00e4rung kl\u00e4rt Sie dar\u00fcber auf, wie wir personenbezogene Daten innerhalb [&hellip;]<\/p>\n","protected":false},"author":2,"featured_media":0,"parent":0,"menu_order":0,"comment_status":"closed","ping_status":"closed","template":"","meta":{"footnotes":""},"class_list":["post-329","page","type-page","status-publish","hentry"],"_links":{"self":[{"href":"https:\/\/elv-forum.de\/index.php?rest_route=\/wp\/v2\/pages\/329","targetHints":{"allow":["GET"]}}],"collection":[{"href":"https:\/\/elv-forum.de\/index.php?rest_route=\/wp\/v2\/pages"}],"about":[{"href":"https:\/\/elv-forum.de\/index.php?rest_route=\/wp\/v2\/types\/page"}],"author":[{"embeddable":true,"href":"https:\/\/elv-forum.de\/index.php?rest_route=\/wp\/v2\/users\/2"}],"replies":[{"embeddable":true,"href":"https:\/\/elv-forum.de\/index.php?rest_route=%2Fwp%2Fv2%2Fcomments&post=329"}],"version-history":[{"count":6,"href":"https:\/\/elv-forum.de\/index.php?rest_route=\/wp\/v2\/pages\/329\/revisions"}],"predecessor-version":[{"id":547,"href":"https:\/\/elv-forum.de\/index.php?rest_route=\/wp\/v2\/pages\/329\/revisions\/547"}],"wp:attachment":[{"href":"https:\/\/elv-forum.de\/index.php?rest_route=%2Fwp%2Fv2%2Fmedia&parent=329"}],"curies":[{"name":"wp","href":"https:\/\/api.w.org\/{rel}","templated":true}]}}