{"id":119,"date":"2012-11-08T12:09:23","date_gmt":"2012-11-08T12:09:23","guid":{"rendered":"http:\/\/elv-forum.de\/?page_id=119"},"modified":"2026-04-02T14:25:58","modified_gmt":"2026-04-02T13:25:58","slug":"euroelv-spezifikation","status":"publish","type":"page","link":"https:\/\/elv-forum.de\/?page_id=119","title":{"rendered":"Spezifikation"},"content":{"rendered":"\n<p><\/p>\n\n\n\n<p>Berlin, Februar 2021\/M\u00e4rz 2023\/April 2026 \u2013 Das ELV-Forum verabschiedete die \u00dcberarbeitung der ELV-Spezifikation. Sie enth\u00e4lt eine bedeutende Weiterentwicklung f\u00fcr das SEPA-Lastschriftverfahren am POS: ELV\/Tap&amp;Go.<\/p>\n\n\n\n<p>Inzwischen ist Tap&amp;Go &#8211; das Bezahlen mit Karte ohne Eingabe der PIN &#8211; mit der girocard zur Selbstverst\u00e4ndlichkeit geworden. &nbsp;Entsprechend wurde seitens der Akzeptanzunternehmen der Wunsch an die Mitglieder im ELV-Forum heran getragen, auch im ELV-Verfahren diese Komfort-Funktion bei kontaktlos-Zahlungen zu unterst\u00fctzen.<\/p>\n\n\n\n<p>Mit der neuesten Fassung ist das ELV-Forum dieser Nachfrage nachgekommen. Nach zweij\u00e4hriger Entwicklungsarbeit wird jetzt auch im ELV-Verfahren die bei Handel und Zahlern gleicherma\u00dfen beliebte Tap&amp;Go-Funktion erm\u00f6glicht.<\/p>\n\n\n\n<p><strong>Das Prinzip ELV\/Tap&amp;Go<\/strong><\/p>\n\n\n\n<p>Das Bezahlen per Lastschrift mittels girocard ist und bleibt einfach: nachdem einmalig mit einer Unterschrift ein regul\u00e4res SEPA-Mandat am POS erteilt wird, kann bei allen nachfolgenden ELV\/kontaktlos-Transaktionen auf das zuvor erteilte SEPA-Mandat zur\u00fcckgegriffen werden. Damit entf\u00e4llt die Notwendigkeit einer erneuten Unterschrift. Das Bezahlen an der Kasse erfolgt im Ergebnis somit auch im ELV-Verfahren als Tap&amp;Go.<\/p>\n\n\n\n<p>Herzst\u00fcck bildet dabei eine zentral gehostete, sogenannte SEPA-Mandatsverwaltung. Diese registriert alle erteilten SEPA-Mandate. In Verbindung mit der optional verf\u00fcgbaren Anbindung einer digitalen Belegarchivierung kann f\u00fcr den Handel auch die physische Belegaufbewahrung der ELV-Belege komplett entfallen. Tap&amp;Go vereinfacht somit das ber\u00fchrungslose Bezahlen.<br><br>Die neue ELV-Spezifikation wurde nach erfolgter Konsultationsphase finalisiert. Sie basiert auf dem aktuell geltenden Standard DC_POS 3.0. Damit kann die Bereitstellung zur anstehenden Migration auf den girocard-Standard \u201eTA 7.2\u201c in einem Zug erfolgen.<\/p>\n\n\n\n<p><strong>Die wichtigsten Merkmale der EuroELV Version 4.3<\/strong><\/p>\n\n\n\n<p>Die vorliegende Spezifikation der Version 4.3 erweitert die bisherige \u201eSpezifikation EuroELV\u201c um die folgenden, neuen Marktanforderungen:<\/p>\n\n\n\n<ul class=\"wp-block-list\">\n<li>Unterst\u00fctzung der kontaktlosen Technologie (girocard und digitale girocard)<\/li>\n\n\n\n<li>Unterst\u00fctzung von NoCVM-Transaktionen (Tap&amp;Go)<\/li>\n\n\n\n<li>Interaktion mit einer ELV-Mandatsverwaltung<\/li>\n\n\n\n<li>Zahlung mit Trinkgeldeingabe kontaktlos<\/li>\n\n\n\n<li>M\u00f6glichkeit zum betragsabh\u00e4ngigen Ausschluss von EuroELV<\/li>\n\n\n\n<li>zus\u00e4tzliche Parameter zur Steuerung der Beleginhalte (Kunden\/H\u00e4ndlerbeleg) insbesondere f\u00fcr kontaktlose- und NoCVM-Transaktionen<\/li>\n\n\n\n<li>Als Zahlungssystemname bzw. Produktname wird \u201eSEPA Lastschrift\u201c verwendet (z.B. bei der Ergebnisanzeige oder als Zahlungssystemname auf dem H\u00e4ndler- bzw. Kundenbeleg).<\/li>\n\n\n\n<li>\u00fcberarbeitete Terminal-Display-Ausgaben zur Karteninhaber-Information, bspw. Bei Unterschriftserfordernis<\/li>\n\n\n\n<li>\u00dcbermittlung der Terminal-Display-Ausgaben auch an die Kasse zur Information des Kassenpersonals, bspw. bei Unterschriftserfordernis<\/li>\n\n\n\n<li>Unterst\u00fctzung der Konfiguration einer chipbasierten kontaktbehafteten und kontaktlosen EuroELV-Anwendung \u00fcber die EMV-Daten, gem\u00e4\u00df den grunds\u00e4tzlichen Prinzipien von [DC POS] (Version 3.0)<\/li>\n\n\n\n<li>R\u00fcckbau der Magnetstreifentechnologie (Das Lesen des Magnetstreifens wird auch im ELV-Verfahren nicht mehr unterst\u00fctzt; Dies reduziert Entwicklungs- und in Folge daraus den Testaufwand und orientiert sich an den Richtlinien der PSD2)<\/li>\n<\/ul>\n\n\n\n<p>Die technische Spezifikation kann unter der Adresse <a href=\"mailto:kontakt@elv-forum.de&amp;subject=Anfrage_EuroELV-Spezifikationen\">kontakt@elv-forum.de<\/a> unter der Angabe der Kontaktinformationen angefordert werden.<\/p>\n\n\n\n<p><strong>Update M\u00e4rz 2023:<\/strong> Erweiterung der Spezifikation (Version 4.3a): Erg\u00e4nzung \u201ebei Offline-Abwicklung kein noCVM\u201c<\/p>\n\n\n\n<p><strong>Update April 2026:<\/strong> (Version 4.4.2a) Erg\u00e4nzende Hinweise in Kapitel 3.2.1.2.1\/3.2.1.2.2 (Mandats-ID eines bestehenden Dauermandat) zur Verbraucheranzeige auf dem Terminal-Display bei Unterschriftsanforderung; Belegtext-Beispiel in Kapitel 3.2.1.3 (SEPA-Lastschrifttext) neutralisiert <\/p>\n\n\n\n<div class=\"wp-block-file\"><a id=\"wp-block-file--media-bbc56bce-3c4e-4bcd-bdc9-9e32c1568bf8\" href=\"https:\/\/elv-forum.de\/wp-content\/uploads\/2021\/02\/20210212_PM-ELV-Forum-Spezifikation-4_3.pdf\">&lt;Druckversion (PDF)&lt;<\/a><\/div>\n","protected":false},"excerpt":{"rendered":"<p>Berlin, Februar 2021\/M\u00e4rz 2023\/April 2026 \u2013 Das ELV-Forum verabschiedete die \u00dcberarbeitung der ELV-Spezifikation. Sie enth\u00e4lt eine bedeutende Weiterentwicklung f\u00fcr das SEPA-Lastschriftverfahren am POS: ELV\/Tap&amp;Go. Inzwischen ist Tap&amp;Go &#8211; das Bezahlen mit Karte ohne Eingabe der PIN &#8211; mit der girocard zur Selbstverst\u00e4ndlichkeit geworden. &nbsp;Entsprechend wurde seitens der Akzeptanzunternehmen der Wunsch an die Mitglieder im ELV-Forum [&hellip;]<\/p>\n","protected":false},"author":4,"featured_media":277,"parent":0,"menu_order":0,"comment_status":"open","ping_status":"closed","template":"page-big.php","meta":{"footnotes":""},"class_list":["post-119","page","type-page","status-publish","has-post-thumbnail","hentry"],"_links":{"self":[{"href":"https:\/\/elv-forum.de\/index.php?rest_route=\/wp\/v2\/pages\/119","targetHints":{"allow":["GET"]}}],"collection":[{"href":"https:\/\/elv-forum.de\/index.php?rest_route=\/wp\/v2\/pages"}],"about":[{"href":"https:\/\/elv-forum.de\/index.php?rest_route=\/wp\/v2\/types\/page"}],"author":[{"embeddable":true,"href":"https:\/\/elv-forum.de\/index.php?rest_route=\/wp\/v2\/users\/4"}],"replies":[{"embeddable":true,"href":"https:\/\/elv-forum.de\/index.php?rest_route=%2Fwp%2Fv2%2Fcomments&post=119"}],"version-history":[{"count":22,"href":"https:\/\/elv-forum.de\/index.php?rest_route=\/wp\/v2\/pages\/119\/revisions"}],"predecessor-version":[{"id":688,"href":"https:\/\/elv-forum.de\/index.php?rest_route=\/wp\/v2\/pages\/119\/revisions\/688"}],"wp:featuredmedia":[{"embeddable":true,"href":"https:\/\/elv-forum.de\/index.php?rest_route=\/wp\/v2\/media\/277"}],"wp:attachment":[{"href":"https:\/\/elv-forum.de\/index.php?rest_route=%2Fwp%2Fv2%2Fmedia&parent=119"}],"curies":[{"name":"wp","href":"https:\/\/api.w.org\/{rel}","templated":true}]}}