{"id":111,"date":"2012-11-08T11:59:28","date_gmt":"2012-11-08T11:59:28","guid":{"rendered":"http:\/\/elv-forum.de\/?page_id=111"},"modified":"2021-02-09T15:49:45","modified_gmt":"2021-02-09T14:49:45","slug":"home-1","status":"publish","type":"page","link":"https:\/\/elv-forum.de\/?page_id=111","title":{"rendered":"ec-Lastschrift (ELV)"},"content":{"rendered":"<p>Das Bezahlen mit ec-Karte und Unterschrift, bezeichnet als \u201eec- Lastschriftverfahren\u201c oder auch \u201eelektronisches Lastschriftverfahren\u201c (ELV), erfreut sich weiterhin hoher Beliebtheit bei Einzelhandel und den Verbrauchern. Damit dieses Verfahren auch mit den neuen SEPA-Kartenstandards funktionieren wird, wurde das \u201eELV-Forum\u201c gegr\u00fcndet.<\/p>\n<p>Das ELV-Forum verfolgt das Ziel, das in Deutschland etablierte elektronische Lastschriftverfahren (ELV) an neue Rahmenbedingungen im Zahlungsverkehr anzupassen, Standardisierungen zu f\u00f6rdern und Schnittstellen fest zu legen. Das ELV-Forum ist ein nicht rechtsf\u00e4higer nicht eingetragener Verein. Mitglieder des Vereins sind Unternehmen, die ELV-Zahlungen anbieten bzw. bei der Abwicklung von ELV-Zahlungen beteiligt sind oder sonstige Dienstleistungen erbringen, z.B. Netzbetreiber, Hersteller und Verb\u00e4nde.<\/p>\n<p>Hintergrund: Das ELV-Verfahren wurde in den 1980er-Jahren entwickelt. Zur damaligen Zeit war der Handel auf der Suche nach einem kosteng\u00fcnstigen und verbraucherfreundlichen Kartenzahlungsverfahren, welches auf die Zahlungsgarantie verzichtete und das auch f\u00fcr den Verbraucher akzeptabel und sicher ist. Nachdem der Zentrale Kreditausschuss (ZKA, heute: Die Deutsche Kreditwirtschaft) ein solches Verfahren nicht anbieten wollte, entwickelte der Handel in Zusammenarbeit mit seinen Dienstleistern dezentral das ELV-Verfahren, bei dem die vorhandene ec-Karte (die heutige girocard) genutzt wird, um die Kontoverbindung des Kunden auszulesen und damit eine Lastschrift zu generieren. In den folgenden Jahren wurde das ELV zum f\u00fchrenden kartengest\u00fctzten Zahlungsverfahren. Auch heut noch ist es ein vom Handel nachgefragtes und vom Kunden akzeptiertes alternatives Verfahren bei Kartenzahlungen im deutschen Einzelhandel.<\/p>\n<p>Handelsunternehmen und ELV-Dienstleister setzen ELV auch im sogenannten Mischverfahren ein. Sie steuern damit die Verteilung der Transaktionen \u00fcber das girocard und \/ oder das ELV-Verfahren nach verschiedenen Kriterien wie z.B.:<\/p>\n<ul>\n<li>Betragsbereiche (z.B. risikoarme Betr\u00e4ge oder Betr\u00e4ge au\u00dferhalb des girocard-Limits),<\/li>\n<li>Bewertung der Transaktionsdaten (Datum, Uhrzeit, H\u00e4ndler-, Kartenmerkmale, Kartenherausgeber) oder<\/li>\n<li>Ber\u00fccksichtigung von Sperr-Informationen (KUNO, offene Forderungen, Widerspruch).<\/li>\n<\/ul>\n<p>Bei der Nutzung eines Mischverfahrens gibt es keine markteinheitlichen Standards. Es obliegt der individuellen Strategie des ELV-Anbieters, mit definierten Parametern das Lastschrift-Ausfall-Risiko zu managen und entsprechend zwischen girocard- und ELV Abwicklung zu w\u00e4hlen. Damit tr\u00e4gt das Mischverfahren dazu bei, das ELV-Zahlverfahren wirtschaftlich als Alternative zum girocard Verfahren (ehemals electronic cash) nutzen zu k\u00f6nnen.<\/p>\n<p>Wesentliche Gr\u00fcnde zur Nutzung im Mischverfahren sind:<\/p>\n<ul>\n<li>Zur Kostenoptimierung (gegen\u00fcber den Zahlverfahren der Kartenorganisationen), verbunden mit einer Risikosteuerung, um die Wirtschaftlichkeit der Abwicklung zu optimieren<\/li>\n<li>Als Erg\u00e4nzung, um die Zahlungsfunktion der girocard auch in Betragsbereichen zu erm\u00f6glichen, welche aufgrund gesetzter Limits nicht im girocard\/PIN-Verfahren abgewickelt werden k\u00f6nnen<\/li>\n<\/ul>\n<p>Feb. 2021<\/p>\n","protected":false},"excerpt":{"rendered":"<p>Das Bezahlen mit ec-Karte und Unterschrift, bezeichnet als \u201eec- Lastschriftverfahren\u201c oder auch \u201eelektronisches Lastschriftverfahren\u201c (ELV), erfreut sich weiterhin hoher Beliebtheit bei Einzelhandel und den Verbrauchern. Damit dieses Verfahren auch mit den neuen SEPA-Kartenstandards funktionieren wird, wurde das \u201eELV-Forum\u201c gegr\u00fcndet. Das ELV-Forum verfolgt das Ziel, das in Deutschland etablierte elektronische Lastschriftverfahren (ELV) an neue Rahmenbedingungen im [&hellip;]<\/p>\n","protected":false},"author":4,"featured_media":410,"parent":0,"menu_order":0,"comment_status":"open","ping_status":"closed","template":"page-big.php","meta":{"footnotes":""},"class_list":["post-111","page","type-page","status-publish","has-post-thumbnail","hentry"],"_links":{"self":[{"href":"https:\/\/elv-forum.de\/index.php?rest_route=\/wp\/v2\/pages\/111","targetHints":{"allow":["GET"]}}],"collection":[{"href":"https:\/\/elv-forum.de\/index.php?rest_route=\/wp\/v2\/pages"}],"about":[{"href":"https:\/\/elv-forum.de\/index.php?rest_route=\/wp\/v2\/types\/page"}],"author":[{"embeddable":true,"href":"https:\/\/elv-forum.de\/index.php?rest_route=\/wp\/v2\/users\/4"}],"replies":[{"embeddable":true,"href":"https:\/\/elv-forum.de\/index.php?rest_route=%2Fwp%2Fv2%2Fcomments&post=111"}],"version-history":[{"count":23,"href":"https:\/\/elv-forum.de\/index.php?rest_route=\/wp\/v2\/pages\/111\/revisions"}],"predecessor-version":[{"id":582,"href":"https:\/\/elv-forum.de\/index.php?rest_route=\/wp\/v2\/pages\/111\/revisions\/582"}],"wp:featuredmedia":[{"embeddable":true,"href":"https:\/\/elv-forum.de\/index.php?rest_route=\/wp\/v2\/media\/410"}],"wp:attachment":[{"href":"https:\/\/elv-forum.de\/index.php?rest_route=%2Fwp%2Fv2%2Fmedia&parent=111"}],"curies":[{"name":"wp","href":"https:\/\/api.w.org\/{rel}","templated":true}]}}